{"id":231,"date":"2022-01-04T15:22:36","date_gmt":"2022-01-04T07:22:36","guid":{"rendered":"https:\/\/visa-indonesia.com\/?post_type=product&#038;p=231"},"modified":"2026-04-23T18:52:31","modified_gmt":"2026-04-23T10:52:31","slug":"forlaengelse-af-visum-til-en-enkelt-indrejse-bali-indonesien","status":"publish","type":"product","link":"https:\/\/visa-indonesia.com\/da\/service\/single-entry-visa-extension-bali-indonesia\/","title":{"rendered":"Forl\u00e6ngelse af visum til en enkelt indrejse Bali\/Indonesien (+60 dage)"},"content":{"rendered":"","protected":false},"excerpt":{"rendered":"<h4>Forl\u00e6ng dit Visa med vores hj\u00e6lp!<\/h4>\n<p>Single-Entry Visa (C1, C2, C6, ...) er gyldigt i 60 dage. Hvis du gerne vil blive l\u00e6ngere end 60 dage, kan du forl\u00e6nge visummet to gange med hver 60 dage. I alt kan du blive op til 180 dage (60+60+60).<\/p>\n<p>Vi s\u00f8rger for, at dine data og din betaling kommer korrekt frem til immigrationen. Det eneste, du skal g\u00f8re, er at g\u00e5 til immigrationen med dit pas og f\u00e5 taget dit pasfoto og dine fingeraftryk. Du vil modtage en aftale med immigrationsmyndighederne fra os.<\/p>\n<p><strong>Det er vigtigt:<\/strong> Et personligt bes\u00f8g p\u00e5 immigrationskontoret er p\u00e5kr\u00e6vet for alle forl\u00e6ngelser.<\/p>\n<p>Vi st\u00e5r selvf\u00f8lgelig ogs\u00e5 til r\u00e5dighed for at besvare eventuelle sp\u00f8rgsm\u00e5l!<\/p>","protected":false},"featured_media":29028,"comment_status":"closed","ping_status":"closed","template":"","meta":{"_acf_changed":false,"site-sidebar-layout":"default","site-content-layout":"default","ast-site-content-layout":"default","site-content-style":"default","site-sidebar-style":"default","ast-global-header-display":"","ast-banner-title-visibility":"","ast-main-header-display":"","ast-hfb-above-header-display":"","ast-hfb-below-header-display":"","ast-hfb-mobile-header-display":"","site-post-title":"","ast-breadcrumbs-content":"","ast-featured-img":"","footer-sml-layout":"","ast-disable-related-posts":"","theme-transparent-header-meta":"default","adv-header-id-meta":"","stick-header-meta":"default","header-above-stick-meta":"","header-main-stick-meta":"","header-below-stick-meta":"","astra-migrate-meta-layouts":"set","ast-page-background-enabled":"default","ast-page-background-meta":{"desktop":{"background-color":"","background-image":"","background-repeat":"repeat","background-position":"center center","background-size":"auto","background-attachment":"scroll","background-type":"","background-media":"","overlay-type":"","overlay-color":"","overlay-opacity":"","overlay-gradient":""},"tablet":{"background-color":"","background-image":"","background-repeat":"repeat","background-position":"center center","background-size":"auto","background-attachment":"scroll","background-type":"","background-media":"","overlay-type":"","overlay-color":"","overlay-opacity":"","overlay-gradient":""},"mobile":{"background-color":"","background-image":"","background-repeat":"repeat","background-position":"center center","background-size":"auto","background-attachment":"scroll","background-type":"","background-media":"","overlay-type":"","overlay-color":"","overlay-opacity":"","overlay-gradient":""}},"ast-content-background-meta":{"desktop":{"background-color":"var(--ast-global-color-5)","background-image":"","background-repeat":"repeat","background-position":"center center","background-size":"auto","background-attachment":"scroll","background-type":"","background-media":"","overlay-type":"","overlay-color":"","overlay-opacity":"","overlay-gradient":""},"tablet":{"background-color":"var(--ast-global-color-5)","background-image":"","background-repeat":"repeat","background-position":"center center","background-size":"auto","background-attachment":"scroll","background-type":"","background-media":"","overlay-type":"","overlay-color":"","overlay-opacity":"","overlay-gradient":""},"mobile":{"background-color":"var(--ast-global-color-5)","background-image":"","background-repeat":"repeat","background-position":"center center","background-size":"auto","background-attachment":"scroll","background-type":"","background-media":"","overlay-type":"","overlay-color":"","overlay-opacity":"","overlay-gradient":""}},"uix_meta_title":"","uix_meta_description":"","uix_canonical_url":""},"product_brand":[],"product_cat":[175],"product_tag":[20,193,194,195,303,304,305,1023,1024,1025,1026],"comparison_feature":[991,995,996,997,998,999,992,1000,1002,1001],"class_list":{"0":"post-231","1":"product","2":"type-product","3":"status-publish","4":"has-post-thumbnail","6":"product_cat-visa-extension","7":"product_tag-b211a","8":"product_tag-b211a-extension","9":"product_tag-b211a-visa-extension","10":"product_tag-b211a-visa-extension-bali","11":"product_tag-kuta","12":"product_tag-jimbaran","13":"product_tag-south-bali","14":"product_tag-60-day-visa-extension","15":"product_tag-c1-visa-extension","16":"product_tag-60-day-visa-extension-bali","17":"product_tag-single-entry-visa-extension-indonesia","18":"comparison_feature-guaranteed_visa_approval","19":"comparison_feature-refunds-available","20":"comparison_feature-multiple-payment-options","21":"comparison_feature-personal-point-of-contact","22":"comparison_feature-support-that-puts-you-first","23":"comparison_feature-apply-anytime","24":"comparison_feature-ease_of_application","25":"comparison_feature-currencies-supported","26":"comparison_feature-payment-methods","27":"comparison_feature-average-response-time","28":"desktop-align-left","29":"tablet-align-left","30":"mobile-align-left","31":"ast-product-gallery-layout-horizontal-slider","32":"ast-product-gallery-with-no-image","33":"ast-magnify-disabled","34":"ast-product-single-variable","35":"ast-product-tabs-layout-horizontal","37":"first","38":"instock","39":"shipping-taxable","40":"purchasable","41":"product-type-variable","42":"has-default-attributes"},"acf":[],"_links":{"self":[{"href":"https:\/\/visa-indonesia.com\/da\/wp-json\/wp\/v2\/product\/231","targetHints":{"allow":["GET"]}}],"collection":[{"href":"https:\/\/visa-indonesia.com\/da\/wp-json\/wp\/v2\/product"}],"about":[{"href":"https:\/\/visa-indonesia.com\/da\/wp-json\/wp\/v2\/types\/product"}],"replies":[{"embeddable":true,"href":"https:\/\/visa-indonesia.com\/da\/wp-json\/wp\/v2\/comments?post=231"}],"wp:featuredmedia":[{"embeddable":true,"href":"https:\/\/visa-indonesia.com\/da\/wp-json\/wp\/v2\/media\/29028"}],"wp:attachment":[{"href":"https:\/\/visa-indonesia.com\/da\/wp-json\/wp\/v2\/media?parent=231"}],"wp:term":[{"taxonomy":"product_brand","embeddable":true,"href":"https:\/\/visa-indonesia.com\/da\/wp-json\/wp\/v2\/product_brand?post=231"},{"taxonomy":"product_cat","embeddable":true,"href":"https:\/\/visa-indonesia.com\/da\/wp-json\/wp\/v2\/product_cat?post=231"},{"taxonomy":"product_tag","embeddable":true,"href":"https:\/\/visa-indonesia.com\/da\/wp-json\/wp\/v2\/product_tag?post=231"},{"taxonomy":"comparison_feature","embeddable":true,"href":"https:\/\/visa-indonesia.com\/da\/wp-json\/wp\/v2\/comparison_feature?post=231"}],"curies":[{"name":"wp","href":"https:\/\/api.w.org\/{rel}","templated":true}]}}