{"id":14870,"date":"2022-11-03T22:33:17","date_gmt":"2022-11-03T14:33:17","guid":{"rendered":"https:\/\/visa-indonesia.com\/?page_id=14870"},"modified":"2025-02-17T20:32:16","modified_gmt":"2025-02-17T12:32:16","slug":"ansvarsfraskrivelse","status":"publish","type":"page","link":"https:\/\/visa-indonesia.com\/da\/disclaimer\/","title":{"rendered":"Ansvarsfraskrivelse"},"content":{"rendered":"<h1>Ansvarsfraskrivelse p\u00e5 hjemmesiden<\/h1>\n<p>De oplysninger, der leveres af Visa Indonesia (\"vi\", \"os\" eller \"vores\") p\u00e5\u00a0<a href=\"https:\/\/visa-indonesia.com\/da\/\" data-custom-class=\"link\">https:\/\/visa-indonesia.com<\/a> (\"webstedet\") er kun til generelle informationsform\u00e5l. Alle oplysninger p\u00e5 webstedet leveres i god tro. Vi giver dog ingen erkl\u00e6ringer eller garantier af nogen art, hverken udtrykkelige eller underforst\u00e5ede, vedr\u00f8rende n\u00f8jagtigheden, tilstr\u00e6kkeligheden, gyldigheden, p\u00e5lideligheden, tilg\u00e6ngeligheden eller fuldst\u00e6ndigheden af nogen oplysninger p\u00e5 webstedet. VI ER UNDER INGEN OMST\u00c6NDIGHEDER ANSVARLIGE OVER FOR DIG FOR TAB ELLER SKADER AF NOGEN ART, DER ER OPST\u00c5ET SOM F\u00d8LGE AF BRUGEN AF WEBSTEDET ELLER TILLID TIL OPLYSNINGER P\u00c5 WEBSTEDET. DIN BRUG AF WEBSTEDET OG DIN TILLID TIL OPLYSNINGER P\u00c5 WEBSTEDET SKER UDELUKKENDE P\u00c5 EGEN RISIKO.<\/p>\n<h2>Ansvarsfraskrivelse for eksterne links<\/h2>\n<p>Webstedet kan indeholde (eller du kan blive sendt via webstedet) links til andre websteder eller indhold, der tilh\u00f8rer eller stammer fra tredjeparter, eller links til websteder og funktioner i bannere eller anden reklame. S\u00e5danne eksterne links er ikke unders\u00f8gt, overv\u00e5get eller kontrolleret for n\u00f8jagtighed, tilstr\u00e6kkelighed, gyldighed, p\u00e5lidelighed, tilg\u00e6ngelighed eller fuldst\u00e6ndighed af os. VI GARANTERER IKKE, ST\u00d8TTER IKKE, GARANTERER IKKE OG P\u00c5TAGER OS IKKE ANSVARET FOR N\u00d8JAGTIGHEDEN ELLER P\u00c5LIDELIGHEDEN AF OPLYSNINGER, DER TILBYDES AF TREDJEPARTSWEBSTEDER, DER ER LINKET TIL VIA WEBSTEDET ELLER ET WEBSTED ELLER EN FUNKTION, DER ER LINKET TIL I ET BANNER ELLER ANDEN REKLAME. VI VIL IKKE V\u00c6RE PART I ELLER P\u00c5 NOGEN M\u00c5DE V\u00c6RE ANSVARLIGE FOR AT OVERV\u00c5GE NOGEN TRANSAKTION MELLEM DIG OG TREDJEPARTSUDBYDERE AF PRODUKTER ELLER TJENESTER.<\/p>\n<h2>Professionel ansvarsfraskrivelse<\/h2>\n<p>Webstedet kan ikke og indeholder ikke juridisk r\u00e5dgivning. De juridiske oplysninger gives kun til generelle informations- og uddannelsesform\u00e5l og er ikke en erstatning for professionel r\u00e5dgivning. Derfor opfordrer vi dig til at r\u00e5df\u00f8re dig med de relevante fagfolk, inden du foretager dig noget p\u00e5 baggrund af s\u00e5danne oplysninger. Vi yder ikke nogen form for juridisk r\u00e5dgivning. BRUG AF ELLER TILLID TIL OPLYSNINGER P\u00c5 WEBSTEDET SKER UDELUKKENDE P\u00c5 EGEN RISIKO.<\/p>\n<h2>Ansvarsfraskrivelse for udtalelser<\/h2>\n<p data-custom-class=\"body_text\">Webstedet kan indeholde udtalelser fra brugere af vores produkter og\/eller tjenester. Disse udtalelser afspejler s\u00e5danne brugeres erfaringer og meninger fra det virkelige liv. Erfaringerne er dog personlige for de p\u00e5g\u00e6ldende brugere og er ikke n\u00f8dvendigvis repr\u00e6sentative for alle brugere af vores produkter og\/eller tjenester. Vi h\u00e6vder ikke, og du b\u00f8r ikke antage, at alle brugere vil have de samme oplevelser. DINE INDIVIDUELLE RESULTATER KAN VARIERE.<\/p>\n<p data-custom-class=\"body_text\">Udtalelserne p\u00e5 webstedet indsendes i forskellige former som tekst, lyd og\/eller video og gennemg\u00e5s af os, f\u00f8r de l\u00e6gges ud. De vises p\u00e5 webstedet ordret, som de er givet af brugerne, bortset fra korrektion af grammatik- eller skrivefejl. Nogle udtalelser kan v\u00e6re blevet forkortet for at g\u00f8re det kort, hvis den fulde udtalelse indeholdt uvedkommende oplysninger, der ikke er relevante for offentligheden.<\/p>\n<p data-custom-class=\"body_text\">De synspunkter og meninger, der er indeholdt i udtalelserne, tilh\u00f8rer udelukkende den enkelte bruger og afspejler ikke vores synspunkter og meninger. Vi er ikke tilknyttet brugere, der giver udtalelser, og brugerne bliver ikke betalt eller p\u00e5 anden m\u00e5de kompenseret for deres udtalelser.<\/p>","protected":false},"excerpt":{"rendered":"<p>Website Disclaimer The information provided by\u00a0Visa Indonesia (&#8220;we,&#8221; &#8220;us,&#8221; or &#8220;our&#8221;) on\u00a0https:\/\/visa-indonesia.com (the\u00a0&#8220;Site&#8221;)\u00a0is for general informational purposes only. All information on the Site is provided in good faith. However, we make no representation or warranty of any kind, express or implied, regarding the accuracy, adequacy, validity, reliability, availability, or completeness of any information on the [&hellip;]<\/p>\n","protected":false},"author":1,"featured_media":17314,"parent":0,"menu_order":0,"comment_status":"closed","ping_status":"closed","template":"elementor_theme","meta":{"_acf_changed":false,"site-sidebar-layout":"no-sidebar","site-content-layout":"page-builder","ast-site-content-layout":"full-width-container","site-content-style":"unboxed","site-sidebar-style":"unboxed","ast-global-header-display":"","ast-banner-title-visibility":"","ast-main-header-display":"","ast-hfb-above-header-display":"","ast-hfb-below-header-display":"","ast-hfb-mobile-header-display":"","site-post-title":"disabled","ast-breadcrumbs-content":"","ast-featured-img":"disabled","footer-sml-layout":"","ast-disable-related-posts":"","theme-transparent-header-meta":"","adv-header-id-meta":"","stick-header-meta":"","header-above-stick-meta":"","header-main-stick-meta":"","header-below-stick-meta":"","astra-migrate-meta-layouts":"set","ast-page-background-enabled":"default","ast-page-background-meta":{"desktop":{"background-color":"","background-image":"","background-repeat":"repeat","background-position":"center center","background-size":"auto","background-attachment":"scroll","background-type":"","background-media":"","overlay-type":"","overlay-color":"","overlay-opacity":"","overlay-gradient":""},"tablet":{"background-color":"","background-image":"","background-repeat":"repeat","background-position":"center center","background-size":"auto","background-attachment":"scroll","background-type":"","background-media":"","overlay-type":"","overlay-color":"","overlay-opacity":"","overlay-gradient":""},"mobile":{"background-color":"","background-image":"","background-repeat":"repeat","background-position":"center center","background-size":"auto","background-attachment":"scroll","background-type":"","background-media":"","overlay-type":"","overlay-color":"","overlay-opacity":"","overlay-gradient":""}},"ast-content-background-meta":{"desktop":{"background-color":"var(--ast-global-color-5)","background-image":"","background-repeat":"repeat","background-position":"center center","background-size":"auto","background-attachment":"scroll","background-type":"","background-media":"","overlay-type":"","overlay-color":"","overlay-opacity":"","overlay-gradient":""},"tablet":{"background-color":"var(--ast-global-color-5)","background-image":"","background-repeat":"repeat","background-position":"center center","background-size":"auto","background-attachment":"scroll","background-type":"","background-media":"","overlay-type":"","overlay-color":"","overlay-opacity":"","overlay-gradient":""},"mobile":{"background-color":"var(--ast-global-color-5)","background-image":"","background-repeat":"repeat","background-position":"center center","background-size":"auto","background-attachment":"scroll","background-type":"","background-media":"","overlay-type":"","overlay-color":"","overlay-opacity":"","overlay-gradient":""}},"uix_meta_title":"","uix_meta_description":"","uix_canonical_url":"","footnotes":""},"class_list":["post-14870","page","type-page","status-publish","has-post-thumbnail","hentry"],"acf":[],"_links":{"self":[{"href":"https:\/\/visa-indonesia.com\/da\/wp-json\/wp\/v2\/pages\/14870","targetHints":{"allow":["GET"]}}],"collection":[{"href":"https:\/\/visa-indonesia.com\/da\/wp-json\/wp\/v2\/pages"}],"about":[{"href":"https:\/\/visa-indonesia.com\/da\/wp-json\/wp\/v2\/types\/page"}],"author":[{"embeddable":true,"href":"https:\/\/visa-indonesia.com\/da\/wp-json\/wp\/v2\/users\/1"}],"replies":[{"embeddable":true,"href":"https:\/\/visa-indonesia.com\/da\/wp-json\/wp\/v2\/comments?post=14870"}],"version-history":[{"count":14,"href":"https:\/\/visa-indonesia.com\/da\/wp-json\/wp\/v2\/pages\/14870\/revisions"}],"predecessor-version":[{"id":30575,"href":"https:\/\/visa-indonesia.com\/da\/wp-json\/wp\/v2\/pages\/14870\/revisions\/30575"}],"wp:featuredmedia":[{"embeddable":true,"href":"https:\/\/visa-indonesia.com\/da\/wp-json\/wp\/v2\/media\/17314"}],"wp:attachment":[{"href":"https:\/\/visa-indonesia.com\/da\/wp-json\/wp\/v2\/media?parent=14870"}],"curies":[{"name":"wp","href":"https:\/\/api.w.org\/{rel}","templated":true}]}}