{"id":14844,"date":"2022-11-03T16:42:23","date_gmt":"2022-11-03T08:42:23","guid":{"rendered":"https:\/\/visa-indonesia.com\/?page_id=14844"},"modified":"2026-03-11T15:35:28","modified_gmt":"2026-03-11T07:35:28","slug":"cookiepolitik","status":"publish","type":"page","link":"https:\/\/visa-indonesia.com\/da\/cookie-policy\/","title":{"rendered":"Cookie-politik"},"content":{"rendered":"<p><strong>Sidst opdateret 19. oktober 2022<\/strong>\u00a0Denne cookiepolitik forklarer, hvordan Visa Indonesia (\"<strong>Virksomhed<\/strong>\", \"<strong>vi<\/strong>\", \"<strong>os<\/strong>\", og \"<strong>vores<\/strong>\") bruger cookies og lignende teknologier til at genkende dig, n\u00e5r du bes\u00f8ger vores hjemmesider p\u00e5\u00a0<a href=\"https:\/\/visa-indonesia.com\/da\/\" target=\"_blank\" rel=\"noopener\" data-custom-class=\"link\">https:\/\/visa-indonesia.com<\/a>, (\"<strong>Hjemmesider<\/strong>\"). Den forklarer, hvad disse teknologier er, og hvorfor vi bruger dem, samt dine rettigheder til at kontrollere vores brug af dem. I nogle tilf\u00e6lde kan vi bruge cookies til at indsamle personlige oplysninger, eller som bliver til personlige oplysninger, hvis vi kombinerer dem med andre oplysninger.\u00a0<strong>Hvad er cookies?<\/strong>\u00a0Cookies er sm\u00e5 datafiler, der placeres p\u00e5 din computer eller mobilenhed, n\u00e5r du bes\u00f8ger en hjemmeside. Cookies bruges i vid udstr\u00e6kning af webstedsejere til at f\u00e5 deres websteder til at fungere eller til at fungere mere effektivt samt til at levere rapporteringsoplysninger. Cookies, der s\u00e6ttes af hjemmesidens ejer (i dette tilf\u00e6lde Visa Indonesia), kaldes \"f\u00f8rstepartscookies\". Cookies, der s\u00e6ttes af andre parter end hjemmesidens ejer, kaldes \"tredjepartscookies\". Tredjepartscookies g\u00f8r det muligt at levere tredjepartsfunktioner p\u00e5 eller via webstedet (f.eks. reklamer, interaktivt indhold og analyser). De parter, der s\u00e6tter disse tredjepartscookies, kan genkende din computer, b\u00e5de n\u00e5r den bes\u00f8ger det p\u00e5g\u00e6ldende websted, og n\u00e5r den bes\u00f8ger visse andre websteder.\u00a0<strong>Hvorfor bruger vi cookies?<\/strong>\u00a0Vi bruger f\u00f8rste- og tredjepartscookies af flere grunde. Nogle cookies er n\u00f8dvendige af tekniske \u00e5rsager for at f\u00e5 vores websteder til at fungere, og vi kalder dem \"v\u00e6sentlige\" eller \"strengt n\u00f8dvendige\" cookies. Andre cookies g\u00f8r det ogs\u00e5 muligt for os at spore og m\u00e5lrette vores brugeres interesser for at forbedre oplevelsen p\u00e5 vores onlineejendomme. Tredjeparter sender cookies via vores websteder til reklame, analyse og andre form\u00e5l. Dette er beskrevet mere detaljeret nedenfor. De specifikke typer af f\u00f8rste- og tredjepartscookies, der anvendes p\u00e5 vores websteder, og de form\u00e5l, de tjener, er beskrevet nedenfor (bem\u00e6rk, at de specifikke cookies, der anvendes, kan variere afh\u00e6ngigt af de specifikke onlineejendomme, du bes\u00f8ger):\u00a0<strong>Hvordan kan jeg kontrollere cookies?<\/strong>\u00a0Du har ret til at beslutte, om du vil acceptere eller afvise cookies. Du kan ud\u00f8ve dine cookie-rettigheder ved at indstille dine pr\u00e6ferencer i Cookie Consent Manager. Cookie Consent Manager giver dig mulighed for at v\u00e6lge, hvilke kategorier af cookies du vil acceptere eller afvise. Essentielle cookies kan ikke afvises, da de er strengt n\u00f8dvendige for at levere tjenester til dig. Cookie Consent Manager findes i meddelelsesbanneret og p\u00e5 vores hjemmeside. Hvis du v\u00e6lger at afvise cookies, kan du stadig bruge vores hjemmeside, selvom din adgang til visse funktioner og omr\u00e5der p\u00e5 vores hjemmeside kan v\u00e6re begr\u00e6nset. Du kan ogs\u00e5 indstille eller \u00e6ndre din webbrowsers kontrolelementer til at acceptere eller afvise cookies. Da de m\u00e5der, hvorp\u00e5 du kan afvise cookies via dine webbrowserkontroller, varierer fra browser til browser, b\u00f8r du bes\u00f8ge din browsers hj\u00e6lpemenu for at f\u00e5 flere oplysninger. Derudover tilbyder de fleste reklamenetv\u00e6rk dig en m\u00e5de at frav\u00e6lge m\u00e5lrettet reklame p\u00e5. Hvis du gerne vil have flere oplysninger, kan du bes\u00f8ge\u00a0<a href=\"http:\/\/www.aboutads.info\/choices\/\" target=\"_blank\" rel=\"noopener\" data-custom-class=\"link\">http:\/\/www.aboutads.info\/choices\/<\/a>\u00a0eller\u00a0<a href=\"http:\/\/www.youronlinechoices.com\/\" target=\"_blank\" rel=\"noopener\" data-custom-class=\"link\" data-fr-linked=\"true\">http:\/\/www.youronlinechoices.com<\/a>.\u00a0<\/p>\n<p>De specifikke typer af f\u00f8rste- og tredjepartscookies, der serveres via vores websteder, og de form\u00e5l, de udf\u00f8rer, er beskrevet i tabellen nedenfor (bem\u00e6rk, at de specifikke cookies, der serveres, kan variere afh\u00e6ngigt af de specifikke onlineejendomme, du bes\u00f8ger):<u><\/u><\/p>\n<p>Vigtige webstedscookies:<\/p>\n<p>\u00a0Disse cookies er strengt n\u00f8dvendige for at give dig adgang til de tjenester, der er tilg\u00e6ngelige via vores websteder, og for at bruge nogle af deres funktioner, f.eks. adgang til sikre omr\u00e5der.<\/p>\n<section data-custom-class=\"body_text\">\n<table>\n<tbody>\n<tr>\n<td>Navn:<\/td>\n<td>__cf_bm<\/td>\n<\/tr>\n<tr>\n<td>Form\u00e5l:<\/td>\n<td>Cloudflare placerer cookien p\u00e5 slutbrugerenheder, der f\u00e5r adgang til kundewebsteder, der er beskyttet af Bot Management eller Bot Fight Mode.<\/td>\n<\/tr>\n<tr>\n<td>Udbyder:<\/td>\n<td>.afterpay.com<\/td>\n<\/tr>\n<tr>\n<td>Service:<\/td>\n<td>Cloudflare\u00a0<a href=\"https:\/\/jetpack.com\/support\/cookies\/\" target=\"_blank\" rel=\"noopener\">Se tjenestens privatlivspolitik<\/a>\u00a0\u00a0<\/td>\n<\/tr>\n<tr>\n<td>Land:<\/td>\n<td>De Forenede Stater<\/td>\n<\/tr>\n<tr>\n<td>Type:<\/td>\n<td>server_cookie<\/td>\n<\/tr>\n<tr>\n<td>Udl\u00f8ber i:<\/td>\n<td>30 minutter<\/td>\n<\/tr>\n<\/tbody>\n<\/table>\n<\/section>\n<section data-custom-class=\"body_text\">\n<table>\n<tbody>\n<tr>\n<td>Navn:<\/td>\n<td>__tlbcpv<\/td>\n<\/tr>\n<tr>\n<td>Form\u00e5l:<\/td>\n<td>Bruges til at registrere unikke bes\u00f8gendes visninger af samtykkebanneret.<\/td>\n<\/tr>\n<tr>\n<td>Udbyder:<\/td>\n<td>.termly.io<\/td>\n<\/tr>\n<tr>\n<td>Service:<\/td>\n<td>P\u00e5 sigt\u00a0<a href=\"https:\/\/termly.io\/our-privacy-policy\/\" target=\"_blank\" rel=\"noopener\">Se tjenestens privatlivspolitik<\/a>\u00a0\u00a0<\/td>\n<\/tr>\n<tr>\n<td>Land:<\/td>\n<td>De Forenede Stater<\/td>\n<\/tr>\n<tr>\n<td>Type:<\/td>\n<td>http_cookie<\/td>\n<\/tr>\n<tr>\n<td>Udl\u00f8ber i:<\/td>\n<td>1 \u00e5r<\/td>\n<\/tr>\n<\/tbody>\n<\/table>\n<\/section>\n<p>\u00a0<strong><u><br \/>Analyse- og tilpasningscookies:<\/u><\/strong><\/p>\n<p>Disse cookies indsamler oplysninger, der enten bruges i samlet form til at hj\u00e6lpe os med at forst\u00e5, hvordan vores websteder bruges, eller hvor effektive vores marketingkampagner er, eller til at hj\u00e6lpe os med at tilpasse vores websteder til dig.<\/p>\n<section data-custom-class=\"body_text\">\n<table>\n<tbody>\n<tr>\n<td>Navn:<\/td>\n<td>#collect<\/td>\n<\/tr>\n<tr>\n<td>Form\u00e5l:<\/td>\n<td>Sender data som f.eks. den bes\u00f8gendes adf\u00e6rd og enhed til Google Analytics. Den er i stand til at holde styr p\u00e5 den bes\u00f8gende p\u00e5 tv\u00e6rs af marketingkanaler og enheder. Det er en cookie af pixeltracker-typen, hvis aktivitet varer inden for browsersessionen.<\/td>\n<\/tr>\n<tr>\n<td>Udbyder:<\/td>\n<td>visa-indonesia.com<\/td>\n<\/tr>\n<tr>\n<td>Service:<\/td>\n<td>Google Analytics\u00a0<a href=\"https:\/\/policies.google.com\/technologies\/ads\" target=\"_blank\" rel=\"noopener\">Se tjenestens privatlivspolitik<\/a>\u00a0\u00a0<\/td>\n<\/tr>\n<tr>\n<td>Land:<\/td>\n<td>De Forenede Stater<\/td>\n<\/tr>\n<tr>\n<td>Type:<\/td>\n<td>pixel_tracker<\/td>\n<\/tr>\n<tr>\n<td>Udl\u00f8ber i:<\/td>\n<td>Session<\/td>\n<\/tr>\n<\/tbody>\n<\/table>\n<\/section>\n<section data-custom-class=\"body_text\">\n<table>\n<tbody>\n<tr>\n<td>Navn:<\/td>\n<td>_ga<\/td>\n<\/tr>\n<tr>\n<td>Form\u00e5l:<\/td>\n<td>Den registrerer et bestemt ID, der bruges til at fremskaffe data om brugerens brug af webstedet. Det er en HTTP-cookie, der udl\u00f8ber efter 2 \u00e5r.<\/td>\n<\/tr>\n<tr>\n<td>Udbyder:<\/td>\n<td>.visa-indonesia.com<\/td>\n<\/tr>\n<tr>\n<td>Service:<\/td>\n<td>Google Analytics\u00a0<a href=\"https:\/\/policies.google.com\/technologies\/ads\" target=\"_blank\" rel=\"noopener\">Se tjenestens privatlivspolitik<\/a>\u00a0\u00a0<\/td>\n<\/tr>\n<tr>\n<td>Land:<\/td>\n<td>__________<\/td>\n<\/tr>\n<tr>\n<td>Type:<\/td>\n<td>http_cookie<\/td>\n<\/tr>\n<tr>\n<td>Udl\u00f8ber i:<\/td>\n<td>1 \u00e5r 11 m\u00e5neder 29 dage<\/td>\n<\/tr>\n<\/tbody>\n<\/table>\n<\/section>\n<section data-custom-class=\"body_text\">\n<table>\n<tbody>\n<tr>\n<td>Navn:<\/td>\n<td>_ga_#<\/td>\n<\/tr>\n<tr>\n<td>Form\u00e5l:<\/td>\n<td>Bruges til at skelne mellem individuelle brugere ved hj\u00e6lp af udpegning af et tilf\u00e6ldigt genereret nummer som klientidentifikator, som g\u00f8r det muligt at beregne bes\u00f8g og sessioner.<\/td>\n<\/tr>\n<tr>\n<td>Udbyder:<\/td>\n<td>.visa-indonesia.com<\/td>\n<\/tr>\n<tr>\n<td>Service:<\/td>\n<td>Google analytics\u00a0<a href=\"https:\/\/policies.google.com\/technologies\/ads\" target=\"_blank\" rel=\"noopener\">Se tjenestens privatlivspolitik<\/a>\u00a0\u00a0<\/td>\n<\/tr>\n<tr>\n<td>Land:<\/td>\n<td>__________<\/td>\n<\/tr>\n<tr>\n<td>Type:<\/td>\n<td>http_cookie<\/td>\n<\/tr>\n<tr>\n<td>Udl\u00f8ber i:<\/td>\n<td>1 \u00e5r 11 m\u00e5neder 29 dage<\/td>\n<\/tr>\n<\/tbody>\n<\/table>\n<\/section>\n<section data-custom-class=\"body_text\">\n<table>\n<tbody>\n<tr>\n<td>Navn:<\/td>\n<td>10785860472\/<\/td>\n<\/tr>\n<tr>\n<td>Form\u00e5l:<\/td>\n<td>__________<\/td>\n<\/tr>\n<tr>\n<td>Udbyder:<\/td>\n<td>visa-indonesia.com<\/td>\n<\/tr>\n<tr>\n<td>Service:<\/td>\n<td>__________ \u00a0<\/td>\n<\/tr>\n<tr>\n<td>Land:<\/td>\n<td>De Forenede Stater<\/td>\n<\/tr>\n<tr>\n<td>Type:<\/td>\n<td>pixel_tracker<\/td>\n<\/tr>\n<tr>\n<td>Udl\u00f8ber i:<\/td>\n<td>Session<\/td>\n<\/tr>\n<\/tbody>\n<\/table>\n<\/section>\n<section data-custom-class=\"body_text\">\n<table>\n<tbody>\n<tr>\n<td>Navn:<\/td>\n<td>_gat#<\/td>\n<\/tr>\n<tr>\n<td>Form\u00e5l:<\/td>\n<td>G\u00f8r det muligt for Google Analytics at regulere antallet af foresp\u00f8rgsler. Det er en HTTP-cookietype, der varer i en session.<\/td>\n<\/tr>\n<tr>\n<td>Udbyder:<\/td>\n<td>.visa-indonesia.com<\/td>\n<\/tr>\n<tr>\n<td>Service:<\/td>\n<td>Google Analytics\u00a0<a href=\"https:\/\/policies.google.com\/technologies\/ads\" target=\"_blank\" rel=\"noopener\">Se tjenestens privatlivspolitik<\/a>\u00a0\u00a0<\/td>\n<\/tr>\n<tr>\n<td>Land:<\/td>\n<td>__________<\/td>\n<\/tr>\n<tr>\n<td>Type:<\/td>\n<td>http_cookie<\/td>\n<\/tr>\n<tr>\n<td>Udl\u00f8ber i:<\/td>\n<td>1 minut<\/td>\n<\/tr>\n<\/tbody>\n<\/table>\n<\/section>\n<section data-custom-class=\"body_text\">\n<table>\n<tbody>\n<tr>\n<td>Navn:<\/td>\n<td>_gid<\/td>\n<\/tr>\n<tr>\n<td>Form\u00e5l:<\/td>\n<td>Gemmer et unikt ID, som derefter bruges til at udarbejde statistiske data om de bes\u00f8gendes brug af hjemmesiden. Det er en HTTP-cookietype, som udl\u00f8ber efter en browsersession.<\/td>\n<\/tr>\n<tr>\n<td>Udbyder:<\/td>\n<td>.visa-indonesia.com<\/td>\n<\/tr>\n<tr>\n<td>Service:<\/td>\n<td>Google Analytics\u00a0<a href=\"https:\/\/policies.google.com\/technologies\/ads\" target=\"_blank\" rel=\"noopener\">Se tjenestens privatlivspolitik<\/a>\u00a0\u00a0<\/td>\n<\/tr>\n<tr>\n<td>Land:<\/td>\n<td>__________<\/td>\n<\/tr>\n<tr>\n<td>Type:<\/td>\n<td>http_cookie<\/td>\n<\/tr>\n<tr>\n<td>Udl\u00f8ber i:<\/td>\n<td>1 dag<\/td>\n<\/tr>\n<\/tbody>\n<\/table>\n<\/section>\n<p><strong><u><br \/>Reklame-cookies:<\/u><\/strong><\/p>\n<p>Disse cookies bruges til at g\u00f8re reklamebudskaber mere relevante for dig. De udf\u00f8rer funktioner som at forhindre, at den samme annonce vises igen og igen, at sikre, at annoncer vises korrekt for annonc\u00f8rer, og i nogle tilf\u00e6lde at v\u00e6lge annoncer, der er baseret p\u00e5 dine interesser.<\/p>\n<section data-custom-class=\"body_text\">\n<table>\n<tbody>\n<tr>\n<td>Navn:<\/td>\n<td>_gcl_au<\/td>\n<\/tr>\n<tr>\n<td>Form\u00e5l:<\/td>\n<td>Bruges af Google AdSense til at eksperimentere med reklameeffektivitet p\u00e5 tv\u00e6rs af websites, der bruger deres tjenester.<\/td>\n<\/tr>\n<tr>\n<td>Udbyder:<\/td>\n<td>.visa-indonesia.com<\/td>\n<\/tr>\n<tr>\n<td>Service:<\/td>\n<td>AdSense\u00a0<a href=\"https:\/\/policies.google.com\/technologies\/ads?hl=en\" target=\"_blank\" rel=\"noopener\">Se tjenestens privatlivspolitik<\/a>\u00a0\u00a0<\/td>\n<\/tr>\n<tr>\n<td>Land:<\/td>\n<td>__________<\/td>\n<\/tr>\n<tr>\n<td>Type:<\/td>\n<td>http_cookie<\/td>\n<\/tr>\n<tr>\n<td>Udl\u00f8ber i:<\/td>\n<td>2 m\u00e5neder 29 dage<\/td>\n<\/tr>\n<\/tbody>\n<\/table>\n<\/section>\n<section data-custom-class=\"body_text\">\n<table>\n<tbody>\n<tr>\n<td>Navn:<\/td>\n<td>IDE<\/td>\n<\/tr>\n<tr>\n<td>Form\u00e5l:<\/td>\n<td>Bruges til at m\u00e5le konverteringsraten for annoncer, der pr\u00e6senteres for brugeren. Udl\u00f8ber om 1,5 \u00e5r.<\/td>\n<\/tr>\n<tr>\n<td>Udbyder:<\/td>\n<td>.doubleclick.net<\/td>\n<\/tr>\n<tr>\n<td>Service:<\/td>\n<td>DoubleClick\u00a0<a href=\"https:\/\/policies.google.com\/privacy\" target=\"_blank\" rel=\"noopener\">Se tjenestens privatlivspolitik<\/a>\u00a0\u00a0<\/td>\n<\/tr>\n<tr>\n<td>Land:<\/td>\n<td>De Forenede Stater<\/td>\n<\/tr>\n<tr>\n<td>Type:<\/td>\n<td>server_cookie<\/td>\n<\/tr>\n<tr>\n<td>Udl\u00f8ber i:<\/td>\n<td>1 \u00e5r 11 m\u00e5neder 29 dage<\/td>\n<\/tr>\n<\/tbody>\n<\/table>\n<\/section>\n<section data-custom-class=\"body_text\">\n<table>\n<tbody>\n<tr>\n<td>Navn:<\/td>\n<td>a<\/td>\n<\/tr>\n<tr>\n<td>Form\u00e5l:<\/td>\n<td>Registrerer et unikt ID, der identificerer en tilbagevendende brugers enhed. ID'et bruges til m\u00e5lrettede annoncer.<\/td>\n<\/tr>\n<tr>\n<td>Udbyder:<\/td>\n<td>visa-indonesia.com<\/td>\n<\/tr>\n<tr>\n<td>Service:<\/td>\n<td>Cox Digital Solutions (tidligere Adify)\u00a0<a href=\"https:\/\/www.novomotus.com\/privacy-policy\/\" target=\"_blank\" rel=\"noopener\">Se tjenestens privatlivspolitik<\/a>\u00a0\u00a0<\/td>\n<\/tr>\n<tr>\n<td>Land:<\/td>\n<td>De Forenede Stater<\/td>\n<\/tr>\n<tr>\n<td>Type:<\/td>\n<td>pixel_tracker<\/td>\n<\/tr>\n<tr>\n<td>Udl\u00f8ber i:<\/td>\n<td>Session<\/td>\n<\/tr>\n<\/tbody>\n<\/table>\n<\/section>\n<section data-custom-class=\"body_text\">\n<table>\n<tbody>\n<tr>\n<td>Navn:<\/td>\n<td>ga-publikum<\/td>\n<\/tr>\n<tr>\n<td>Form\u00e5l:<\/td>\n<td>Bruges af Google AdWords til at genaktivere bes\u00f8gende, der sandsynligvis vil konvertere til kunder baseret p\u00e5 den bes\u00f8gendes onlineadf\u00e6rd p\u00e5 tv\u00e6rs af hjemmesider.<\/td>\n<\/tr>\n<tr>\n<td>Udbyder:<\/td>\n<td>visa-indonesia.com<\/td>\n<\/tr>\n<tr>\n<td>Service:<\/td>\n<td>AdWords\u00a0<a href=\"https:\/\/policies.google.com\/privacy\" target=\"_blank\" rel=\"noopener\">Se tjenestens privatlivspolitik<\/a>\u00a0\u00a0<\/td>\n<\/tr>\n<tr>\n<td>Land:<\/td>\n<td>De Forenede Stater<\/td>\n<\/tr>\n<tr>\n<td>Type:<\/td>\n<td>pixel_tracker<\/td>\n<\/tr>\n<tr>\n<td>Udl\u00f8ber i:<\/td>\n<td>Session<\/td>\n<\/tr>\n<\/tbody>\n<\/table>\n<\/section>\n<section data-custom-class=\"body_text\">\n<table>\n<tbody>\n<tr>\n<td>Navn:<\/td>\n<td>td<\/td>\n<\/tr>\n<tr>\n<td>Form\u00e5l:<\/td>\n<td>Bruges til at levere m\u00e5lrettede reklamer til brugere baseret p\u00e5 browsingaktivitet. Det er en HTTP-cookie.<\/td>\n<\/tr>\n<tr>\n<td>Udbyder:<\/td>\n<td>visa-indonesia.com<\/td>\n<\/tr>\n<tr>\n<td>Service:<\/td>\n<td>UstyrligX\u00a0<a href=\"https:\/\/unruly.co\/privacy\/#privacy-policy\" target=\"_blank\" rel=\"noopener\">Se tjenestens privatlivspolitik<\/a>\u00a0\u00a0<\/td>\n<\/tr>\n<tr>\n<td>Land:<\/td>\n<td>De Forenede Stater<\/td>\n<\/tr>\n<tr>\n<td>Type:<\/td>\n<td>pixel_tracker<\/td>\n<\/tr>\n<tr>\n<td>Udl\u00f8ber i:<\/td>\n<td>Session<\/td>\n<\/tr>\n<\/tbody>\n<\/table>\n<\/section>\n<section data-custom-class=\"body_text\">\n<table>\n<tbody>\n<tr>\n<td>Navn:<\/td>\n<td>test_cookie<\/td>\n<\/tr>\n<tr>\n<td>Form\u00e5l:<\/td>\n<td>En sessionscookie, der bruges til at kontrollere, om brugerens browser underst\u00f8tter cookies.<\/td>\n<\/tr>\n<tr>\n<td>Udbyder:<\/td>\n<td>.doubleclick.net<\/td>\n<\/tr>\n<tr>\n<td>Service:<\/td>\n<td>DoubleClick\u00a0<a href=\"https:\/\/policies.google.com\/privacy\" target=\"_blank\" rel=\"noopener\">Se tjenestens privatlivspolitik<\/a>\u00a0\u00a0<\/td>\n<\/tr>\n<tr>\n<td>Land:<\/td>\n<td>De Forenede Stater<\/td>\n<\/tr>\n<tr>\n<td>Type:<\/td>\n<td>server_cookie<\/td>\n<\/tr>\n<tr>\n<td>Udl\u00f8ber i:<\/td>\n<td>15 minutter<\/td>\n<\/tr>\n<\/tbody>\n<\/table>\n<\/section>\n<p><strong><u><br \/>Uklassificerede cookies:<\/u><\/strong><\/p>\n<p>Dette er cookies, der endnu ikke er blevet kategoriseret. Vi er i gang med at klassificere disse cookies med hj\u00e6lp fra deres udbydere.<\/p>\n<section data-custom-class=\"body_text\">\n<table>\n<tbody>\n<tr>\n<td>Navn:<\/td>\n<td>_wpfuuid<\/td>\n<\/tr>\n<tr>\n<td>Form\u00e5l:<\/td>\n<td>__________<\/td>\n<\/tr>\n<tr>\n<td>Udbyder:<\/td>\n<td>visa-indonesia.com<\/td>\n<\/tr>\n<tr>\n<td>Service:<\/td>\n<td>__________ \u00a0<\/td>\n<\/tr>\n<tr>\n<td>Land:<\/td>\n<td>__________<\/td>\n<\/tr>\n<tr>\n<td>Type:<\/td>\n<td>http_cookie<\/td>\n<\/tr>\n<tr>\n<td>Udl\u00f8ber i:<\/td>\n<td>10 \u00e5r 11 m\u00e5neder 11 dage<\/td>\n<\/tr>\n<\/tbody>\n<\/table>\n<\/section>\n<section data-custom-class=\"body_text\">\n<table>\n<tbody>\n<tr>\n<td>Navn:<\/td>\n<td>wp_woocommerce_session_7c1349875ffe6a81fe06e870b04df4a5<\/td>\n<\/tr>\n<tr>\n<td>Form\u00e5l:<\/td>\n<td>__________<\/td>\n<\/tr>\n<tr>\n<td>Udbyder:<\/td>\n<td>visa-indonesia.com<\/td>\n<\/tr>\n<tr>\n<td>Service:<\/td>\n<td>__________ \u00a0<\/td>\n<\/tr>\n<tr>\n<td>Land:<\/td>\n<td>__________<\/td>\n<\/tr>\n<tr>\n<td>Type:<\/td>\n<td>server_cookie<\/td>\n<\/tr>\n<tr>\n<td>Udl\u00f8ber i:<\/td>\n<td>2 dage<\/td>\n<\/tr>\n<\/tbody>\n<\/table>\n<\/section>\n<p>\u00a0<strong>Hvad med andre sporingsteknologier, som f.eks. web beacons?<\/strong>\u00a0Cookies er ikke den eneste m\u00e5de at genkende eller spore bes\u00f8gende p\u00e5 et websted. Vi kan bruge andre, lignende teknologier fra tid til anden, som f.eks. web-beacons (undertiden kaldet \"tracking pixels\" eller \"clear gifs\"). Det er sm\u00e5 grafikfiler, der indeholder en unik identifikator, som g\u00f8r det muligt for os at genkende, n\u00e5r nogen har bes\u00f8gt vores hjemmesider eller \u00e5bnet en e-mail med dem. Dette giver os f.eks. mulighed for at overv\u00e5ge brugernes trafikm\u00f8nstre fra en side p\u00e5 et websted til en anden, at levere eller kommunikere med cookies, at forst\u00e5, om du er kommet til webstedet fra en onlineannonce, der vises p\u00e5 et tredjepartswebsted, at forbedre webstedets ydeevne og at m\u00e5le succesen med e-mail-marketingkampagner. I mange tilf\u00e6lde er disse teknologier afh\u00e6ngige af cookies for at fungere korrekt, og hvis du afviser cookies, vil det forringe deres funktion.\u00a0<strong>Bruger du Flash-cookies eller Local Shared Objects?<\/strong>\u00a0Websteder kan ogs\u00e5 bruge s\u00e5kaldte \"Flash Cookies\" (ogs\u00e5 kendt som Local Shared Objects eller \"LSO'er\") til blandt andet at indsamle og gemme oplysninger om din brug af vores tjenester, forebyggelse af svindel og til anden drift af webstedet. Hvis du ikke vil have Flash-cookies gemt p\u00e5 din computer, kan du justere indstillingerne i din Flash-afspiller for at blokere lagring af Flash-cookies ved hj\u00e6lp af v\u00e6rkt\u00f8jerne i\u00a0<a href=\"https:\/\/www.macromedia.com\/support\/documentation\/en\/flashplayer\/help\/settings_manager07.html\" target=\"_BLANK\" rel=\"noopener\" data-custom-class=\"link\">Panel for indstillinger for webstedslagring<\/a>. Du kan ogs\u00e5 styre Flash-cookies ved at g\u00e5 til\u00a0<a href=\"https:\/\/www.macromedia.com\/support\/documentation\/en\/flashplayer\/help\/settings_manager03.html\" target=\"_BLANK\" rel=\"noopener\" data-custom-class=\"link\">Panel for globale lagringsindstillinger<\/a>\u00a0og f\u00f8lge instruktionerne (som kan omfatte instruktioner, der f.eks. forklarer, hvordan man sletter eksisterende Flash Cookies (kaldet \"information\" p\u00e5 Macromedia-webstedet), hvordan man forhindrer Flash LSO'er i at blive placeret p\u00e5 din computer, uden at du bliver spurgt, og (for Flash Player 8 og senere) hvordan man blokerer Flash Cookies, der ikke leveres af operat\u00f8ren af den side, du er p\u00e5 p\u00e5 det tidspunkt). Bem\u00e6rk, at hvis du indstiller Flash Player til at begr\u00e6nse accepten af Flash-cookies, kan det reducere eller hindre funktionaliteten af nogle Flash-applikationer, herunder potentielt Flash-applikationer, der bruges i forbindelse med vores tjenester eller onlineindhold.\u00a0<strong>Viser du m\u00e5lrettede reklamer?<\/strong>\u00a0Tredjeparter kan placere cookies p\u00e5 din computer eller mobilenhed for at vise reklamer via vores websteder. Disse virksomheder kan bruge oplysninger om dine bes\u00f8g p\u00e5 dette og andre websteder til at levere relevante reklamer om varer og tjenester, som du m\u00e5ske er interesseret i. De kan ogs\u00e5 anvende teknologi, der bruges til at m\u00e5le effektiviteten af reklamer. Dette kan opn\u00e5s ved, at de bruger cookies eller web-beacons til at indsamle oplysninger om dine bes\u00f8g p\u00e5 dette og andre websteder for at levere relevante reklamer om varer og tjenester af potentiel interesse for dig. De oplysninger, der indsamles gennem denne proces, g\u00f8r det ikke muligt for os eller dem at identificere dit navn, dine kontaktoplysninger eller andre oplysninger, der direkte identificerer dig, medmindre du v\u00e6lger at angive disse.\u00a0<strong>Hvor ofte vil du opdatere denne cookiepolitik?<\/strong>\u00a0Vi kan opdatere denne cookiepolitik fra tid til anden for at afspejle f.eks. \u00e6ndringer i de cookies, vi bruger, eller af andre driftsm\u00e6ssige, juridiske eller lovgivningsm\u00e6ssige \u00e5rsager. Bes\u00f8g derfor regelm\u00e6ssigt denne cookiepolitik for at holde dig orienteret om vores brug af cookies og relaterede teknologier. Datoen \u00f8verst i denne cookiepolitik angiver, hvorn\u00e5r den sidst blev opdateret.\u00a0<strong>Hvor kan jeg f\u00e5 mere information?<\/strong>\u00a0Hvis du har sp\u00f8rgsm\u00e5l om vores brug af cookies eller andre teknologier, bedes du sende os en e-mail p\u00e5 support(at)visa-indonesia.com eller med post til: PT. <a href=\"https:\/\/visa-indonesia.com\/da\/visa-og-regler\/digitalt-nomadevisum-til-bali\/\" data-wpil-monitor-id=\"31\">Bali Visum<\/a> IndonesienJalan Mertanadi 60A<br \/>Kerobokan 80361<br \/>Badung, Bali<br \/>Indonesien<\/p>","protected":false},"excerpt":{"rendered":"<p>Last updated\u00a0October 19, 2022\u00a0This Cookie Policy explains how\u00a0Visa Indonesia (\u201cCompany\u201c, \u201cwe\u201c, \u201cus\u201c, and \u201cour\u201c) uses cookies and similar technologies to recognize you when you visit our websites at\u00a0https:\/\/visa-indonesia.com,\u00a0(\u201cWebsites\u201c). It explains what these technologies are and why we use them, as well as your rights to control our use of them.\u00a0In some cases we may use [&hellip;]<\/p>\n","protected":false},"author":1,"featured_media":17324,"parent":0,"menu_order":0,"comment_status":"closed","ping_status":"closed","template":"","meta":{"_acf_changed":false,"site-sidebar-layout":"no-sidebar","site-content-layout":"page-builder","ast-site-content-layout":"normal-width-container","site-content-style":"boxed","site-sidebar-style":"unboxed","ast-global-header-display":"","ast-banner-title-visibility":"","ast-main-header-display":"","ast-hfb-above-header-display":"","ast-hfb-below-header-display":"","ast-hfb-mobile-header-display":"","site-post-title":"","ast-breadcrumbs-content":"","ast-featured-img":"disabled","footer-sml-layout":"","ast-disable-related-posts":"","theme-transparent-header-meta":"","adv-header-id-meta":"","stick-header-meta":"","header-above-stick-meta":"","header-main-stick-meta":"","header-below-stick-meta":"","astra-migrate-meta-layouts":"set","ast-page-background-enabled":"default","ast-page-background-meta":{"desktop":{"background-color":"","background-image":"","background-repeat":"repeat","background-position":"center center","background-size":"auto","background-attachment":"scroll","background-type":"","background-media":"","overlay-type":"","overlay-color":"","overlay-opacity":"","overlay-gradient":""},"tablet":{"background-color":"","background-image":"","background-repeat":"repeat","background-position":"center center","background-size":"auto","background-attachment":"scroll","background-type":"","background-media":"","overlay-type":"","overlay-color":"","overlay-opacity":"","overlay-gradient":""},"mobile":{"background-color":"","background-image":"","background-repeat":"repeat","background-position":"center center","background-size":"auto","background-attachment":"scroll","background-type":"","background-media":"","overlay-type":"","overlay-color":"","overlay-opacity":"","overlay-gradient":""}},"ast-content-background-meta":{"desktop":{"background-color":"var(--ast-global-color-5)","background-image":"","background-repeat":"repeat","background-position":"center center","background-size":"auto","background-attachment":"scroll","background-type":"","background-media":"","overlay-type":"","overlay-color":"","overlay-opacity":"","overlay-gradient":""},"tablet":{"background-color":"var(--ast-global-color-5)","background-image":"","background-repeat":"repeat","background-position":"center center","background-size":"auto","background-attachment":"scroll","background-type":"","background-media":"","overlay-type":"","overlay-color":"","overlay-opacity":"","overlay-gradient":""},"mobile":{"background-color":"var(--ast-global-color-5)","background-image":"","background-repeat":"repeat","background-position":"center center","background-size":"auto","background-attachment":"scroll","background-type":"","background-media":"","overlay-type":"","overlay-color":"","overlay-opacity":"","overlay-gradient":""}},"uix_meta_title":"","uix_meta_description":"","uix_canonical_url":"","footnotes":""},"class_list":["post-14844","page","type-page","status-publish","has-post-thumbnail","hentry"],"acf":[],"_links":{"self":[{"href":"https:\/\/visa-indonesia.com\/da\/wp-json\/wp\/v2\/pages\/14844","targetHints":{"allow":["GET"]}}],"collection":[{"href":"https:\/\/visa-indonesia.com\/da\/wp-json\/wp\/v2\/pages"}],"about":[{"href":"https:\/\/visa-indonesia.com\/da\/wp-json\/wp\/v2\/types\/page"}],"author":[{"embeddable":true,"href":"https:\/\/visa-indonesia.com\/da\/wp-json\/wp\/v2\/users\/1"}],"replies":[{"embeddable":true,"href":"https:\/\/visa-indonesia.com\/da\/wp-json\/wp\/v2\/comments?post=14844"}],"version-history":[{"count":16,"href":"https:\/\/visa-indonesia.com\/da\/wp-json\/wp\/v2\/pages\/14844\/revisions"}],"predecessor-version":[{"id":44947,"href":"https:\/\/visa-indonesia.com\/da\/wp-json\/wp\/v2\/pages\/14844\/revisions\/44947"}],"wp:featuredmedia":[{"embeddable":true,"href":"https:\/\/visa-indonesia.com\/da\/wp-json\/wp\/v2\/media\/17324"}],"wp:attachment":[{"href":"https:\/\/visa-indonesia.com\/da\/wp-json\/wp\/v2\/media?parent=14844"}],"curies":[{"name":"wp","href":"https:\/\/api.w.org\/{rel}","templated":true}]}}