{"id":14181,"date":"2022-09-22T14:11:34","date_gmt":"2022-09-22T06:11:34","guid":{"rendered":"https:\/\/visa-indonesia.com\/?page_id=14181"},"modified":"2025-12-03T17:26:46","modified_gmt":"2025-12-03T09:26:46","slug":"vilkar-for-brug-af-affiliate-programmet","status":"publish","type":"page","link":"https:\/\/visa-indonesia.com\/da\/affiliate-program-terms-of-use\/","title":{"rendered":"Vilk\u00e5r for brug af affiliate-programmet"},"content":{"rendered":"<h1>Vilk\u00e5r for brug af affiliate<br \/>\n<\/h1>\n<p>Som autoriseret affiliate for Visa Indonesia accepterer du at overholde de vilk\u00e5r og betingelser, der er indeholdt i denne aftale. L\u00e6s venligst hele aftalen omhyggeligt, f\u00f8r du registrerer dig og promoverer Visa Indonesia som affiliate.<\/p>\n<p>Din deltagelse i programmet er udelukkende for lovligt at reklamere for vores hjemmeside for at modtage en provision p\u00e5 medlemskaber og produkter k\u00f8bt af personer, der er henvist til Visa Indonesia af din egen hjemmeside eller personlige henvisninger.<\/p>\n<p>Ved at tilmelde dig <a href=\"https:\/\/visa-indonesia.com\/da\/visa-og-regler\/alt-hvad-du-behover-at-vide-om-indonesisk-brovisum\/\"  data-wpil-monitor-id=\"17\">Visum Indonesien<\/a> Affiliate-program, angiver du din accept af denne aftale og dens vilk\u00e5r og betingelser.<\/p>\n<h2>Godkendelse eller afvisning af ans\u00f8gningen<br \/>\n<\/h2>\n<p>Vi forbeholder os ret til at godkende eller afvise enhver ans\u00f8gning om et affiliate-program efter vores eget sk\u00f8n. Du vil ikke have nogen juridisk regres mod os for afvisning af din ans\u00f8gning om tilknyttet program.<\/p>\n<h2>Kommissioner<\/h2>\n<p>Provisioner udbetales en gang om m\u00e5neden. For at en affiliate kan modtage provision, skal den henviste konto v\u00e6re aktiv i mindst 31 dage.<\/p>\n<p>Du kan ikke henvise dig selv, og du f\u00e5r ikke provision p\u00e5 dine egne konti.<\/p>\n<p>Betalinger vil kun blive sendt for transaktioner, der er blevet gennemf\u00f8rt med succes. Transaktioner, der resulterer i tilbagef\u00f8rsler eller tilbagebetalinger, vil ikke blive udbetalt.<\/p>\n<h2>Opsigelse<\/h2>\n<p>Din affiliate-ans\u00f8gning og status i programmet kan blive suspenderet eller opsagt af en af f\u00f8lgende \u00e5rsager:<\/p>\n<ul>\n<li>Upassende reklamer (falske p\u00e5stande, vildledende hyperlinks osv.).<\/li>\n<li>Spamming (masse-e-mail, masse-nyhedsgruppeopslag osv.).<\/li>\n<li>Reklame p\u00e5 websteder, der indeholder eller fremmer ulovlige aktiviteter.<\/li>\n<li>Undladelse af at oplyse om affiliate-forholdet for enhver kampagne, der kvalificerer sig som en godkendelse i henhold til eksisterende retningslinjer og regler fra Federal Trade Commission eller enhver g\u00e6ldende statslig lovgivning.<\/li>\n<li>Kr\u00e6nkelse af intellektuelle ejendomsrettigheder. Visum <a href=\"https:\/\/visa-indonesia.com\/da\/adgangskrav-til-bali\/\"  data-wpil-monitor-id=\"27\">Indonesien forbeholder sig ret til at kr\u00e6ve<\/a> licensaftaler fra dem, der anvender Visa Indonesiens varem\u00e6rker, for at beskytte vores intellektuelle ejendomsrettigheder.<\/li>\n<li>At tilbyde rabatter, kuponer eller andre former for lovede kick-backs fra din affiliate-provision som et incitament. Det er dog acceptabelt at tilf\u00f8je bonusser eller bundle andre produkter med Visa Indonesia.<\/li>\n<li>Selvhenvisninger, svigagtige transaktioner, mistanke om Affiliate-svindel.<\/li>\n<\/ul>\n<p>Ud over det foreg\u00e5ende forbeholder Visa Indonesia sig ret til at opsige enhver affiliate-konto til enhver tid, for enhver overtr\u00e6delse af denne aftale eller uden grund.<\/p>\n<h2>Affilierede links<\/h2>\n<p>Du m\u00e5 bruge grafiske links og tekstlinks b\u00e5de p\u00e5 din hjemmeside og i dine e-mails. Du m\u00e5 ogs\u00e5 reklamere for Visa Indonesia-webstedet i online og offline rubrikannoncer, magasiner og aviser.<\/p>\n<p>Du kan bruge den grafik og tekst, vi leverer, eller du kan skabe din egen, s\u00e5 l\u00e6nge de anses for passende i henhold til betingelserne og ikke er i strid med det, der er beskrevet i afsnittet Opsigelse.<\/p>\n<h2>Kupon- og tilbudssider<\/h2>\n<p>Visa Indonesia tilbyder lejlighedsvis kuponer til udvalgte samarbejdspartnere og til vores nyhedsbrevsabonnenter. Hvis du ikke er forh\u00e5ndsgodkendt\/tildelt en branded kupon, har du ikke lov til at promovere kuponen. Nedenfor er de vilk\u00e5r, der g\u00e6lder for enhver affiliate, der overvejer at promovere vores produkter i forbindelse med en aftale eller kupon:<\/p>\n<ul>\n<li>Affiliates m\u00e5 ikke bruge vildledende tekst p\u00e5 affiliate-links, -knapper eller -billeder for at antyde, at noget andet end de aktuelt autoriserede tilbud g\u00e6lder for den specifikke affiliate.<\/li>\n<li>Affiliates m\u00e5 ikke byde p\u00e5 Visa Indonesia-kuponer, Visa Indonesia-rabatter eller andre s\u00e6tninger, der antyder, at der er tilg\u00e6ngelige kuponer.<\/li>\n<li>Affiliates m\u00e5 ikke generere pop-ups, pop-unders, iframes, frames eller andre synlige eller usynlige handlinger, der s\u00e6tter affiliate-cookies, medmindre brugeren har udtrykt en klar og tydelig interesse i at aktivere en bestemt besparelse ved at klikke p\u00e5 et tydeligt markeret link, en knap eller et billede for den p\u00e5g\u00e6ldende kupon eller det p\u00e5g\u00e6ldende tilbud. Dit link skal sende den bes\u00f8gende til forhandlerens hjemmeside.<\/li>\n<li>Brugeren skal kunne se oplysninger om kuponer\/tilbud\/besparelser og detaljer, f\u00f8r der s\u00e6ttes en affiliate-cookie (dvs. \"klik her for at se kuponer og \u00e5bne et vindue til forhandlerens websted\" er IKKE tilladt).<\/li>\n<li>Affiliate-sider m\u00e5 ikke have \"Klik for (eller for at se) tilbud\/kupon\" eller nogen variation, n\u00e5r der ikke er nogen tilg\u00e6ngelige kuponer eller tilbud, og klikket \u00e5bner forhandlerens side eller s\u00e6tter en cookie. Affiliates med en s\u00e5dan tekst p\u00e5 forhandlerens landingsside vil blive fjernet fra programmet med det samme.<\/li>\n<\/ul>\n<h2>Politik for betaling pr. klik (PPC)<\/h2>\n<p>PPC-budgivning er IKKE tilladt uden forudg\u00e5ende skriftlig tilladelse.<\/p>\n<h2>Ansvarlighed<\/h2>\n<p>Visa Indonesia er ikke ansvarlig for indirekte eller utilsigtede skader (tab af indt\u00e6gter, provisioner) p\u00e5 grund af fejl i sporing af tilknyttede virksomheder, tab af databasefiler eller andre resultater af hensigter om at skade programmet og\/eller vores websted(er).<\/p>\n<p>Vi giver ingen udtrykkelige eller underforst\u00e5ede garantier med hensyn til programmet og\/eller de medlemskaber eller produkter, der s\u00e6lges af Visa Indonesia. Vi h\u00e6vder ikke, at driften af programmet og\/eller vores hjemmeside(r) vil v\u00e6re fejlfri, og vi vil ikke v\u00e6re ansvarlige for eventuelle afbrydelser eller fejl.<\/p>\n<h2>Aftalens l\u00f8betid<\/h2>\n<p>Denne aftales l\u00f8betid begynder ved din accept af programmet og slutter, n\u00e5r din affiliate-konto opsiges.<\/p>\n<p>Vilk\u00e5rene og betingelserne i denne aftale kan til enhver tid \u00e6ndres af os. Hvis en \u00e6ndring af vilk\u00e5rene og betingelserne i denne aftale er uacceptable for dig, er dit eneste valg at opsige din affiliate-konto. Din fortsatte deltagelse i programmet vil udg\u00f8re din accept af enhver \u00e6ndring.<\/p>\n<h2>Skadesl\u00f8sholdelse<\/h2>\n<p>Tilknyttede virksomheder skal holde Visa Indonesia og dets tilknyttede virksomheder og datterselskaber, ledere, direkt\u00f8rer, medarbejdere, licenstagere, efterf\u00f8lgere og tildelinger, herunder dem, der har licens eller tilladelse fra Visa Indonesia til at overf\u00f8re og distribuere materialer, skadesl\u00f8se fra ethvert og alle forpligtelser, skader, b\u00f8der, domme, krav, omkostninger, tab og udgifter (herunder rimelige advokatsal\u00e6rer og omkostninger), der opst\u00e5r som f\u00f8lge af eller relateret til ethvert og alle krav, der opst\u00e5r i forbindelse med denne aftale p\u00e5 grund af uagtsomhed, fejlagtig fremstilling, manglende afsl\u00f8ring eller fors\u00e6tlig forseelse fra tilknyttede virksomheder.<\/p>\n<h2>Elektroniske signaturer er effektive<br \/>\n<\/h2>\n<p>Aftalen er en elektronisk kontrakt, der angiver de juridisk bindende vilk\u00e5r for din deltagelse i Visa Indonesiens affiliate-program. Du angiver din accept af denne aftale og alle de vilk\u00e5r og betingelser, der er indeholdt eller henvist til i denne aftale, ved at gennemf\u00f8re Visa Indonesiens ans\u00f8gningsproces. Denne handling skaber en elektronisk underskrift, der har samme juridiske kraft og virkning som en h\u00e5ndskrevet underskrift.<\/p>","protected":false},"excerpt":{"rendered":"<p>Affiliate Terms of Use As an authorized affiliate of Visa Indonesia, you agree to abide by the terms and conditions contained in this Agreement. Please read the entire Agreement carefully before registering and promoting Visa Indonesia as an Affiliate. Your participation in the Program is solely to legally advertise our website to receive a commission [&hellip;]<\/p>\n","protected":false},"author":246,"featured_media":17310,"parent":0,"menu_order":0,"comment_status":"closed","ping_status":"closed","template":"","meta":{"_acf_changed":false,"site-sidebar-layout":"no-sidebar","site-content-layout":"page-builder","ast-site-content-layout":"normal-width-container","site-content-style":"unboxed","site-sidebar-style":"unboxed","ast-global-header-display":"","ast-banner-title-visibility":"","ast-main-header-display":"","ast-hfb-above-header-display":"","ast-hfb-below-header-display":"","ast-hfb-mobile-header-display":"","site-post-title":"disabled","ast-breadcrumbs-content":"","ast-featured-img":"disabled","footer-sml-layout":"","ast-disable-related-posts":"","theme-transparent-header-meta":"","adv-header-id-meta":"","stick-header-meta":"","header-above-stick-meta":"","header-main-stick-meta":"","header-below-stick-meta":"","astra-migrate-meta-layouts":"set","ast-page-background-enabled":"default","ast-page-background-meta":{"desktop":{"background-color":"","background-image":"","background-repeat":"repeat","background-position":"center center","background-size":"auto","background-attachment":"scroll","background-type":"","background-media":"","overlay-type":"","overlay-color":"","overlay-opacity":"","overlay-gradient":""},"tablet":{"background-color":"","background-image":"","background-repeat":"repeat","background-position":"center center","background-size":"auto","background-attachment":"scroll","background-type":"","background-media":"","overlay-type":"","overlay-color":"","overlay-opacity":"","overlay-gradient":""},"mobile":{"background-color":"","background-image":"","background-repeat":"repeat","background-position":"center center","background-size":"auto","background-attachment":"scroll","background-type":"","background-media":"","overlay-type":"","overlay-color":"","overlay-opacity":"","overlay-gradient":""}},"ast-content-background-meta":{"desktop":{"background-color":"var(--ast-global-color-5)","background-image":"","background-repeat":"repeat","background-position":"center center","background-size":"auto","background-attachment":"scroll","background-type":"","background-media":"","overlay-type":"","overlay-color":"","overlay-opacity":"","overlay-gradient":""},"tablet":{"background-color":"var(--ast-global-color-5)","background-image":"","background-repeat":"repeat","background-position":"center center","background-size":"auto","background-attachment":"scroll","background-type":"","background-media":"","overlay-type":"","overlay-color":"","overlay-opacity":"","overlay-gradient":""},"mobile":{"background-color":"var(--ast-global-color-5)","background-image":"","background-repeat":"repeat","background-position":"center center","background-size":"auto","background-attachment":"scroll","background-type":"","background-media":"","overlay-type":"","overlay-color":"","overlay-opacity":"","overlay-gradient":""}},"uix_meta_title":"","uix_meta_description":"","uix_canonical_url":"","footnotes":""},"class_list":["post-14181","page","type-page","status-publish","has-post-thumbnail","hentry"],"acf":[],"_links":{"self":[{"href":"https:\/\/visa-indonesia.com\/da\/wp-json\/wp\/v2\/pages\/14181","targetHints":{"allow":["GET"]}}],"collection":[{"href":"https:\/\/visa-indonesia.com\/da\/wp-json\/wp\/v2\/pages"}],"about":[{"href":"https:\/\/visa-indonesia.com\/da\/wp-json\/wp\/v2\/types\/page"}],"author":[{"embeddable":true,"href":"https:\/\/visa-indonesia.com\/da\/wp-json\/wp\/v2\/users\/246"}],"replies":[{"embeddable":true,"href":"https:\/\/visa-indonesia.com\/da\/wp-json\/wp\/v2\/comments?post=14181"}],"version-history":[{"count":12,"href":"https:\/\/visa-indonesia.com\/da\/wp-json\/wp\/v2\/pages\/14181\/revisions"}],"predecessor-version":[{"id":40302,"href":"https:\/\/visa-indonesia.com\/da\/wp-json\/wp\/v2\/pages\/14181\/revisions\/40302"}],"wp:featuredmedia":[{"embeddable":true,"href":"https:\/\/visa-indonesia.com\/da\/wp-json\/wp\/v2\/media\/17310"}],"wp:attachment":[{"href":"https:\/\/visa-indonesia.com\/da\/wp-json\/wp\/v2\/media?parent=14181"}],"curies":[{"name":"wp","href":"https:\/\/api.w.org\/{rel}","templated":true}]}}